{"id":875,"date":"2021-07-08T07:57:42","date_gmt":"2021-07-08T07:57:42","guid":{"rendered":"http:\/\/anfossisrl.com\/?page_id=875"},"modified":"2021-10-20T13:33:22","modified_gmt":"2021-10-20T13:33:22","slug":"sostenibilitaprodotti_anfossi","status":"publish","type":"page","link":"https:\/\/anfossisrl.com\/en\/sostenibilitaprodotti_anfossi\/","title":{"rendered":"Sostenibilit\u00e0 Prodotti"},"content":{"rendered":"<div data-elementor-type=\"wp-page\" data-elementor-id=\"875\" class=\"elementor elementor-875\" data-elementor-post-type=\"page\">\n\t\t\t\t\t\t<section class=\"elementor-section elementor-top-section elementor-element elementor-element-4371cebd elementor-section-height-min-height elementor-section-boxed elementor-section-height-default elementor-section-items-middle\" data-id=\"4371cebd\" data-element_type=\"section\" data-e-type=\"section\" id=\"about\" data-settings=\"{&quot;background_background&quot;:&quot;classic&quot;}\">\n\t\t\t\t\t\t<div class=\"elementor-container elementor-column-gap-default\">\n\t\t\t\t\t<div class=\"elementor-column elementor-col-100 elementor-top-column elementor-element elementor-element-3aecb7fc\" data-id=\"3aecb7fc\" data-element_type=\"column\" data-e-type=\"column\">\n\t\t\t<div class=\"elementor-widget-wrap elementor-element-populated\">\n\t\t\t\t\t\t<section class=\"elementor-section elementor-inner-section elementor-element elementor-element-5b97053b elementor-section-boxed elementor-section-height-default elementor-section-height-default\" data-id=\"5b97053b\" data-element_type=\"section\" data-e-type=\"section\">\n\t\t\t\t\t\t<div class=\"elementor-container elementor-column-gap-default\">\n\t\t\t\t\t<div class=\"elementor-column elementor-col-100 elementor-inner-column elementor-element elementor-element-661acbb\" data-id=\"661acbb\" data-element_type=\"column\" data-e-type=\"column\">\n\t\t\t<div class=\"elementor-widget-wrap elementor-element-populated\">\n\t\t\t\t\t\t<div class=\"elementor-element elementor-element-12f22c91 elementor-widget elementor-widget-heading\" data-id=\"12f22c91\" data-element_type=\"widget\" data-e-type=\"widget\" data-widget_type=\"heading.default\">\n\t\t\t\t<div class=\"elementor-widget-container\">\n\t\t\t\t\t<h2 class=\"elementor-heading-title elementor-size-default\">SUSTAINABILITY<\/h2>\t\t\t\t<\/div>\n\t\t\t\t<\/div>\n\t\t\t\t\t<\/div>\n\t\t<\/div>\n\t\t\t\t\t<\/div>\n\t\t<\/section>\n\t\t\t\t\t<\/div>\n\t\t<\/div>\n\t\t\t\t\t<\/div>\n\t\t<\/section>\n\t\t\t\t<section class=\"elementor-section elementor-top-section elementor-element elementor-element-106fc47b elementor-section-height-min-height elementor-section-boxed elementor-section-height-default elementor-section-items-middle\" data-id=\"106fc47b\" data-element_type=\"section\" data-e-type=\"section\" data-settings=\"{&quot;background_background&quot;:&quot;classic&quot;}\">\n\t\t\t\t\t\t<div class=\"elementor-container elementor-column-gap-default\">\n\t\t\t\t\t<div class=\"elementor-column elementor-col-100 elementor-top-column elementor-element elementor-element-1b459c15\" data-id=\"1b459c15\" data-element_type=\"column\" data-e-type=\"column\">\n\t\t\t<div class=\"elementor-widget-wrap elementor-element-populated\">\n\t\t\t\t\t\t<section class=\"elementor-section elementor-inner-section elementor-element elementor-element-651e83be elementor-section-boxed elementor-section-height-default elementor-section-height-default\" data-id=\"651e83be\" data-element_type=\"section\" data-e-type=\"section\">\n\t\t\t\t\t\t<div class=\"elementor-container elementor-column-gap-default\">\n\t\t\t\t\t<div class=\"elementor-column elementor-col-100 elementor-inner-column elementor-element elementor-element-2997e549\" data-id=\"2997e549\" data-element_type=\"column\" data-e-type=\"column\">\n\t\t\t<div class=\"elementor-widget-wrap elementor-element-populated\">\n\t\t\t\t\t\t<div class=\"elementor-element elementor-element-2316db69 elementor-widget elementor-widget-heading\" data-id=\"2316db69\" data-element_type=\"widget\" data-e-type=\"widget\" data-widget_type=\"heading.default\">\n\t\t\t\t<div class=\"elementor-widget-container\">\n\t\t\t\t\t<h2 class=\"elementor-heading-title elementor-size-default\">Sostenibilit\u00e0 dei prodotti<\/h2>\t\t\t\t<\/div>\n\t\t\t\t<\/div>\n\t\t\t\t\t<\/div>\n\t\t<\/div>\n\t\t\t\t\t<\/div>\n\t\t<\/section>\n\t\t\t\t\t<\/div>\n\t\t<\/div>\n\t\t\t\t\t<\/div>\n\t\t<\/section>\n\t\t\t\t<section class=\"elementor-section elementor-top-section elementor-element elementor-element-7f236d83 elementor-section-boxed elementor-section-height-default elementor-section-height-default\" data-id=\"7f236d83\" data-element_type=\"section\" data-e-type=\"section\">\n\t\t\t\t\t\t<div class=\"elementor-container elementor-column-gap-default\">\n\t\t\t\t\t<div class=\"elementor-column elementor-col-100 elementor-top-column elementor-element elementor-element-5c17734b\" data-id=\"5c17734b\" data-element_type=\"column\" data-e-type=\"column\">\n\t\t\t<div class=\"elementor-widget-wrap elementor-element-populated\">\n\t\t\t\t\t\t<div class=\"elementor-element elementor-element-5875b31f elementor-widget elementor-widget-spacer\" data-id=\"5875b31f\" data-element_type=\"widget\" data-e-type=\"widget\" data-widget_type=\"spacer.default\">\n\t\t\t\t<div class=\"elementor-widget-container\">\n\t\t\t\t\t\t\t<div class=\"elementor-spacer\">\n\t\t\t<div class=\"elementor-spacer-inner\"><\/div>\n\t\t<\/div>\n\t\t\t\t\t\t<\/div>\n\t\t\t\t<\/div>\n\t\t\t\t\t<\/div>\n\t\t<\/div>\n\t\t\t\t\t<\/div>\n\t\t<\/section>\n\t\t\t\t<section class=\"elementor-section elementor-top-section elementor-element elementor-element-2c510e50 elementor-section-boxed elementor-section-height-default elementor-section-height-default\" data-id=\"2c510e50\" data-element_type=\"section\" data-e-type=\"section\">\n\t\t\t\t\t\t<div class=\"elementor-container elementor-column-gap-default\">\n\t\t\t\t\t<div class=\"elementor-column elementor-col-33 elementor-top-column elementor-element elementor-element-3febd90\" data-id=\"3febd90\" data-element_type=\"column\" data-e-type=\"column\">\n\t\t\t<div class=\"elementor-widget-wrap elementor-element-populated\">\n\t\t\t\t\t\t<div class=\"elementor-element elementor-element-101cc5fc elementor-widget elementor-widget-heading\" data-id=\"101cc5fc\" data-element_type=\"widget\" data-e-type=\"widget\" data-widget_type=\"heading.default\">\n\t\t\t\t<div class=\"elementor-widget-container\">\n\t\t\t\t\t<h2 class=\"elementor-heading-title elementor-size-default\">Packaging from 1982<\/h2>\t\t\t\t<\/div>\n\t\t\t\t<\/div>\n\t\t\t\t<div class=\"elementor-element elementor-element-5094c170 elementor-widget elementor-widget-text-editor\" data-id=\"5094c170\" data-element_type=\"widget\" data-e-type=\"widget\" data-widget_type=\"text-editor.default\">\n\t\t\t\t<div class=\"elementor-widget-container\">\n\t\t\t\t\t\t\t\t\t<p>Anfossi \u00e8 una <strong>societ\u00e0 a carattere famigliare<\/strong> specializzata nella produzione di imballaggi stampati ad iniezione per il settore food.<\/p><p>Durante <strong>oltre 40 anni di attivit\u00e0<\/strong> ci siamo distinti sul mercato nazionale ed internazionale grazie al perfetto connubio tra qualit\u00e0 artigianale, tipica del made in Italy, e alte tecnologie.<\/p><p>Da sempre garantiamo <strong>la massima qualit\u00e0<\/strong> dalla progettazione alla produzione industriale di prodotti termoplastici stampatici ad iniezione.<\/p><p>Produciamo packaging per importanti <strong>clienti nazionali ed internazionali<\/strong>. I nostri articoli, sono presenti quotidianamente sulle tavole dei consumatori, nei bar, ristoranti, supermercati.<\/p><p>Nata nel 1982 come azienda produttrice c\/terzi, in questi anni sono stati stretti solidi rapporti commerciali con varie aziende diventandone partner affidabili e sicuri.<\/p><p>Alta qualit\u00e0 delle produzioni e una buona logistica ci permettono di garantire stock di sicurezza e veloci tempi di consegna. Proprio questa nostra logistica negli anni \u00e8 stata implementata e oggi movimenta quasi 30.000 pallet\/Anno. Da sempre i clienti ci hanno scelto per l\u2019attenzione al SERVIZIO che sappiamo dare.<\/p>\t\t\t\t\t\t\t\t<\/div>\n\t\t\t\t<\/div>\n\t\t\t\t\t<\/div>\n\t\t<\/div>\n\t\t\t\t<div class=\"elementor-column elementor-col-33 elementor-top-column elementor-element elementor-element-1d494a0d\" data-id=\"1d494a0d\" data-element_type=\"column\" data-e-type=\"column\">\n\t\t\t<div class=\"elementor-widget-wrap elementor-element-populated\">\n\t\t\t\t\t\t<div class=\"elementor-element elementor-element-54cb4b75 elementor-widget elementor-widget-heading\" data-id=\"54cb4b75\" data-element_type=\"widget\" data-e-type=\"widget\" data-widget_type=\"heading.default\">\n\t\t\t\t<div class=\"elementor-widget-container\">\n\t\t\t\t\t<h2 class=\"elementor-heading-title elementor-size-default\">Stoccaggio e consegne<\/h2>\t\t\t\t<\/div>\n\t\t\t\t<\/div>\n\t\t\t\t<div class=\"elementor-element elementor-element-11380383 elementor-widget elementor-widget-text-editor\" data-id=\"11380383\" data-element_type=\"widget\" data-e-type=\"widget\" data-widget_type=\"text-editor.default\">\n\t\t\t\t<div class=\"elementor-widget-container\">\n\t\t\t\t\t\t\t\t\t<p>Lo stoccaggio \u00e8 uno degli aspetti che in questi anni ci ha coinvolti maggiormente.<\/p><p>E\u2019 tutt\u2019oggi uno dei nostri fiori all\u2019occhiello poter garantire sempre un <strong>safety stock<\/strong> ai nostri clienti.<\/p><p>Grazie al polo logistico di propriet\u00e0 di oltre 10.000m2, garantiamo stoccaggio e consegne just in time o a rolling in tempi rapidissimi.<\/p><p>I magazzini, divisi in settori, sono attrezzati per movimentare annualmente oltre <strong>30.000 pallets<\/strong>.<\/p>\t\t\t\t\t\t\t\t<\/div>\n\t\t\t\t<\/div>\n\t\t\t\t\t<\/div>\n\t\t<\/div>\n\t\t\t\t<div class=\"elementor-column elementor-col-33 elementor-top-column elementor-element elementor-element-5d67166f\" data-id=\"5d67166f\" data-element_type=\"column\" data-e-type=\"column\">\n\t\t\t<div class=\"elementor-widget-wrap elementor-element-populated\">\n\t\t\t\t\t\t<div class=\"elementor-element elementor-element-610ea70d elementor-widget elementor-widget-heading\" data-id=\"610ea70d\" data-element_type=\"widget\" data-e-type=\"widget\" data-widget_type=\"heading.default\">\n\t\t\t\t<div class=\"elementor-widget-container\">\n\t\t\t\t\t<h2 class=\"elementor-heading-title elementor-size-default\">Qualit\u00e0 e sicurezza<\/h2>\t\t\t\t<\/div>\n\t\t\t\t<\/div>\n\t\t\t\t<div class=\"elementor-element elementor-element-496e9749 elementor-widget elementor-widget-text-editor\" data-id=\"496e9749\" data-element_type=\"widget\" data-e-type=\"widget\" data-widget_type=\"text-editor.default\">\n\t\t\t\t<div class=\"elementor-widget-container\">\n\t\t\t\t\t\t\t\t\t<p>E\u2019 nostra intenzione garantire un elevato standard qualitativo del Servizio al Cliente.<\/p><p>La qualit\u00e0 dei nostri prodotti \u00e8 gestita al nostro interno e segue tutta la filiera dalla scelta delle materie prime alla consegna al Cliente.<\/p><p>Come previsto dalle normative food italiane e comunitarie, tutta la filiera \u00e8 completamente tracciabile tramite apposita etichettatura a barcode.<\/p><p>Esternamente vengono svolte le analisi chimiche atte alla stesura del \u201cFood contact suitability\u201d secondo la legislazione italiana, europea ed FDA.<\/p><p>Il nostro impegno nel \u201cfare qualit\u00e0\u201d e per garantire la sicurezza dei prodotti \u00e8 comprovata dalla certificazione <strong>FSSC22000 Versione 5<\/strong>.<\/p>\t\t\t\t\t\t\t\t<\/div>\n\t\t\t\t<\/div>\n\t\t\t\t<div class=\"elementor-element elementor-element-284df408 elementor-widget elementor-widget-spacer\" data-id=\"284df408\" data-element_type=\"widget\" data-e-type=\"widget\" data-widget_type=\"spacer.default\">\n\t\t\t\t<div class=\"elementor-widget-container\">\n\t\t\t\t\t\t\t<div class=\"elementor-spacer\">\n\t\t\t<div class=\"elementor-spacer-inner\"><\/div>\n\t\t<\/div>\n\t\t\t\t\t\t<\/div>\n\t\t\t\t<\/div>\n\t\t\t\t<div class=\"elementor-element elementor-element-3ee643f elementor-view-default elementor-position-block-start elementor-mobile-position-block-start elementor-widget elementor-widget-icon-box\" data-id=\"3ee643f\" data-element_type=\"widget\" data-e-type=\"widget\" data-widget_type=\"icon-box.default\">\n\t\t\t\t<div class=\"elementor-widget-container\">\n\t\t\t\t\t\t\t<div class=\"elementor-icon-box-wrapper\">\n\n\t\t\t\t\t\t<div class=\"elementor-icon-box-icon\">\n\t\t\t\t<a href=\"http:\/\/anfossisrl.com\/wp-content\/uploads\/2021\/06\/Anfossi_-CERTIFICATE-FSSC22000_V5-21-1.pdf\" class=\"elementor-icon\" tabindex=\"-1\" aria-label=\"CERTIFICATE FSSC22000_V5 21\">\n\t\t\t\t<i aria-hidden=\"true\" class=\"fas fa-file-pdf\"><\/i>\t\t\t\t<\/a>\n\t\t\t<\/div>\n\t\t\t\n\t\t\t\t\t\t<div class=\"elementor-icon-box-content\">\n\n\t\t\t\t\t\t\t\t\t<h3 class=\"elementor-icon-box-title\">\n\t\t\t\t\t\t<a href=\"http:\/\/anfossisrl.com\/wp-content\/uploads\/2021\/06\/Anfossi_-CERTIFICATE-FSSC22000_V5-21-1.pdf\" >\n\t\t\t\t\t\t\tCERTIFICATE FSSC22000_V5 21\t\t\t\t\t\t<\/a>\n\t\t\t\t\t<\/h3>\n\t\t\t\t\n\t\t\t\t\n\t\t\t<\/div>\n\t\t\t\n\t\t<\/div>\n\t\t\t\t\t\t<\/div>\n\t\t\t\t<\/div>\n\t\t\t\t\t<\/div>\n\t\t<\/div>\n\t\t\t\t\t<\/div>\n\t\t<\/section>\n\t\t\t\t<\/div>","protected":false},"excerpt":{"rendered":"<p>SOSTENIBILIT\u00e0 Sostenibilit\u00e0 dei prodotti Packaging dal 1982 Anfossi \u00e8 una societ\u00e0 a carattere famigliare specializzata nella produzione di imballaggi stampati ad iniezione per il settore food. Durante oltre 40 anni di attivit\u00e0 ci siamo distinti sul mercato nazionale ed internazionale grazie al perfetto connubio tra qualit\u00e0 artigianale, tipica del made in Italy, e alte tecnologie. [&hellip;]<\/p>\n","protected":false},"author":1,"featured_media":0,"parent":0,"menu_order":0,"comment_status":"closed","ping_status":"closed","template":"elementor_header_footer","meta":{"footnotes":""},"class_list":["post-875","page","type-page","status-publish","hentry"],"_links":{"self":[{"href":"https:\/\/anfossisrl.com\/en\/wp-json\/wp\/v2\/pages\/875","targetHints":{"allow":["GET"]}}],"collection":[{"href":"https:\/\/anfossisrl.com\/en\/wp-json\/wp\/v2\/pages"}],"about":[{"href":"https:\/\/anfossisrl.com\/en\/wp-json\/wp\/v2\/types\/page"}],"author":[{"embeddable":true,"href":"https:\/\/anfossisrl.com\/en\/wp-json\/wp\/v2\/users\/1"}],"replies":[{"embeddable":true,"href":"https:\/\/anfossisrl.com\/en\/wp-json\/wp\/v2\/comments?post=875"}],"version-history":[{"count":14,"href":"https:\/\/anfossisrl.com\/en\/wp-json\/wp\/v2\/pages\/875\/revisions"}],"predecessor-version":[{"id":1189,"href":"https:\/\/anfossisrl.com\/en\/wp-json\/wp\/v2\/pages\/875\/revisions\/1189"}],"wp:attachment":[{"href":"https:\/\/anfossisrl.com\/en\/wp-json\/wp\/v2\/media?parent=875"}],"curies":[{"name":"wp","href":"https:\/\/api.w.org\/{rel}","templated":true}]}}